{"id":264,"date":"2018-04-08T14:57:36","date_gmt":"2018-04-08T13:57:36","guid":{"rendered":"http:\/\/www.dewijs.ch\/wordpress\/?page_id=264"},"modified":"2018-08-14T20:50:43","modified_gmt":"2018-08-14T19:50:43","slug":"stage-in-elfenbeinkueste-1964","status":"publish","type":"page","link":"https:\/\/www.dewijs.ch\/wordpress\/stage-in-elfenbeinkueste-1964\/","title":{"rendered":"Stage in Elfenbeink\u00fcste 1964"},"content":{"rendered":"<p>In 1964 verbrachte ich ein halbes Jahr als Entomologie-Student in Elfenbeink\u00fcste. Ich war untergebracht im Centre N\u00e9erlandais auf dem Gel\u00e4nde des ORSTOM&#8217;s (Office de la Recherche Scientifique et Technique d&#8217;Outre Mer). Angestellt war ich beim IFAC (Institut de Recherches Fruiti\u00e8res) in einem Projekt zum Studium der Insekten des Avocados, insbesondere um heraus zu finden welche sch\u00e4dlich f\u00fcr Frucht und\/oder Baum waren. Der erster Teil meines Berichtes kann man hier &#8222;downloaden&#8220;.<\/p>\n<p><a href=\"http:\/\/www.dewijs.ch\/wordpress\/wp-content\/uploads\/2018\/04\/Rapport-IFAC-1964-Partie-A.docx\">Rapport IFAC 1964 Partie A<\/a><\/p>\n","protected":false},"excerpt":{"rendered":"<p>In 1964 verbrachte ich ein halbes Jahr als Entomologie-Student in Elfenbeink\u00fcste. Ich war untergebracht im Centre N\u00e9erlandais auf dem Gel\u00e4nde des ORSTOM&#8217;s (Office de la Recherche Scientifique et Technique d&#8217;Outre Mer). Angestellt war ich beim IFAC (Institut de Recherches Fruiti\u00e8res) in einem Projekt zum Studium der Insekten des Avocados, insbesondere um heraus zu finden welche [&hellip;]<\/p>\n","protected":false},"author":2,"featured_media":0,"parent":0,"menu_order":7,"comment_status":"closed","ping_status":"closed","template":"","meta":[],"_links":{"self":[{"href":"https:\/\/www.dewijs.ch\/wordpress\/wp-json\/wp\/v2\/pages\/264"}],"collection":[{"href":"https:\/\/www.dewijs.ch\/wordpress\/wp-json\/wp\/v2\/pages"}],"about":[{"href":"https:\/\/www.dewijs.ch\/wordpress\/wp-json\/wp\/v2\/types\/page"}],"author":[{"embeddable":true,"href":"https:\/\/www.dewijs.ch\/wordpress\/wp-json\/wp\/v2\/users\/2"}],"replies":[{"embeddable":true,"href":"https:\/\/www.dewijs.ch\/wordpress\/wp-json\/wp\/v2\/comments?post=264"}],"version-history":[{"count":3,"href":"https:\/\/www.dewijs.ch\/wordpress\/wp-json\/wp\/v2\/pages\/264\/revisions"}],"predecessor-version":[{"id":270,"href":"https:\/\/www.dewijs.ch\/wordpress\/wp-json\/wp\/v2\/pages\/264\/revisions\/270"}],"wp:attachment":[{"href":"https:\/\/www.dewijs.ch\/wordpress\/wp-json\/wp\/v2\/media?parent=264"}],"curies":[{"name":"wp","href":"https:\/\/api.w.org\/{rel}","templated":true}]}}